{"id":1115,"date":"2025-12-24T13:44:20","date_gmt":"2025-12-24T13:44:20","guid":{"rendered":"https:\/\/www.jamesrhodes.tv\/?page_id=1115"},"modified":"2025-12-24T13:44:22","modified_gmt":"2025-12-24T13:44:22","slug":"resenas-de-prensa","status":"publish","type":"page","link":"https:\/\/www.jamesrhodes.tv\/es\/resenas-de-prensa\/","title":{"rendered":"Rese\u00f1as de prensa"},"content":{"rendered":"\n<blockquote class=\"wp-block-quote is-layout-flow wp-block-quote-is-layout-flow\"><\/blockquote>\n\n\n\n<blockquote class=\"wp-block-quote is-layout-flow wp-block-quote-is-layout-flow\"><\/blockquote>\n\n\n\n\n<section data-aos=\"fade-in\" data-aos-duration=\"1000\" class=\"section-block bio page-block\">\n    <div data-aos=\"fade-up\" data-aos-duration=\"500\" class=\"container\">\n        <h1 class=\"block--title\">Rese\u00f1as de prensa<\/h1>\n        <div class=\"content-wrap\">\n            <blockquote>\n<div>\n<div id=\"edo-message\">\n<div>\n<p class=\"p1\"><span class=\"s1\">\u00abConecta con el p\u00fablico como pocos pianistas contempor\u00e1neos: directo, honesto y con un talento abrumador.\u00bb<br \/>\n<\/span><strong><span class=\"s1\">ABC<\/span><\/strong><\/p>\n<p class=\"p1\"><span class=\"s1\">\u201cUn comunicador brillante que logra que la m\u00fasica cl\u00e1sica sea accesible, emocionante y necesaria.\u00bb<br \/>\n<\/span><strong><span class=\"s1\">The Guardian<\/span><\/strong><\/p>\n<p class=\"p1\"><span class=\"s1\">\u00abRhodes ha creado un nuevo formato de concierto: \u00edntimo, irreverente y profundamente humano.\u00bb<br \/>\n<\/span><strong><span class=\"s1\">BBC Music Magazine<\/span><\/strong><\/p>\n<p class=\"p1\"><span class=\"s1\">\u00abUn mundo sonoro oscuro y melanc\u00f3lico&#8230; un legato hipn\u00f3tico digno de Sviatoslav Richter.\u00bb<br \/>\n<\/span><strong><span class=\"s1\">Gramophone<\/span><\/strong><\/p>\n<p class=\"p1\"><span class=\"s1\">\u00abUn artista que consigue que el p\u00fablico sienta la m\u00fasica cl\u00e1sica como algo vivo y actual.\u00bb<br \/>\n<\/span><strong><span class=\"s1\">La Vanguardia<\/span><\/strong><\/p>\n<p class=\"p1\"><span class=\"s1\">\u00abJames Rhodes rompe barreras y abre la m\u00fasica cl\u00e1sica a audiencias que jam\u00e1s hab\u00edan pisado un auditorio.\u00bb<br \/>\n<\/span><strong><span class=\"s1\">The Independent<\/span><\/strong><\/p>\n<p class=\"p1\"><span class=\"s1\">\u00abJames Rhodes es un revolucionario de la m\u00fasica cl\u00e1sica, un interprete capaz de romper con las convenciones sin perder un \u00e1pice de profundidad artistica.\u00bb<br \/>\n<\/span><strong><span class=\"s1\">The Times<\/span><\/strong><\/p>\n<p class=\"p1\"><span class=\"s1\">\u00abLa fusi\u00f3n de instinto, atenci\u00f3n plena e individualidad de Rhodes har\u00eda que su talento se destacara en cualquier \u00e9poca&#8230;<\/span><span class=\"s1\">inteligente y provocativo en el buen sentido.\u00bb<br \/>\n<\/span><strong><span class=\"s1\">Gramophone<\/span><\/strong><\/p>\n<p class=\"p1\"><span class=\"s1\">\u00abEste t\u00edo sabe tocar&#8230; y tiene mucha personalidad. Me interesa.\u00bb<br \/>\n<\/span><strong><span class=\"s1\">Rub\u00e9n Am\u00f3n, El Pa\u00eds<\/span><\/strong><\/p>\n<p class=\"p1\"><span class=\"s1\">\u00abA [Bach] se entreg\u00f3 con solvencia, creando una atm\u00f3sfera peculiar que meti\u00f3 de lleno al p\u00fablico en escena. Quiz\u00e1 sea esa la mayor virtud de Rhodes: su actitud. Consigue transmitir la emoci\u00f3n que siente cuando se deja llevar por las teclas de su piano \u2014 primero de forma fragil y concienzuda y luego haciendo retumbar el espacio\u00bb<br \/>\n<\/span><strong><span class=\"s1\">El Mundo<\/span><\/strong><\/p>\n<p class=\"p1\"><span class=\"s1\">\u00abActuaciones de tal naturalidad y brillantez que nadie puede resistir.\u00bb<br \/>\n<\/span><strong><span class=\"s1\">The Times<\/span><\/strong><\/p>\n<p class=\"p1\"><span class=\"s1\">\u00abJames Rhodes hipnotiza con su piano.\u00bb<br \/>\n<\/span><strong><span class=\"s1\">ABC<\/span><\/strong><\/p>\n<p class=\"p1\"><span class=\"s1\">\u00abUno de los m\u00fasicos m\u00e1s carism\u00e1ticos e inspiradores de nuestra era.\u00bb<br \/>\n<\/span><span class=\"s1\"><strong>El Pa\u00eds<\/strong> <\/span><\/p>\n<p class=\"p1\"><span class=\"s1\">\u00abEl pianista brit\u00e1nico afincado en Madrid James Rhodes obra milagros.\u00bb<br \/>\n<\/span><strong><span class=\"s1\">ABC<\/span><\/strong><\/p>\n<p class=\"p1\"><span class=\"s1\">\u00abSu piano y sus palabras convierten cada concierto en un viaje emocional inolvidable.\u00bb<br \/>\n<\/span><strong><span class=\"s1\">Financial Times<\/span><\/strong><\/p>\n<p class=\"p1\"><span class=\"s1\">\u00abUn triunfo del antih\u00e9roe en el escenario de un concierto.\u00bb<br \/>\n<\/span><strong><span class=\"s1\">Toronto Star<\/span><\/strong><\/p>\n<p class=\"p1\"><span class=\"s1\">\u201cEl di\u00e1logo fue salpicado por las piezas que James interpreta con exquisita maestr\u00eda al piano.\u201d<br \/>\n<strong>El Mundo<\/strong><\/span><\/p>\n<\/div>\n<\/div>\n<\/div>\n<\/blockquote>\n<p>&nbsp;<\/p>\n        <\/div>\n    <\/div>\n<\/section>\n","protected":false},"excerpt":{"rendered":"","protected":false},"author":3,"featured_media":0,"parent":0,"menu_order":0,"comment_status":"closed","ping_status":"closed","template":"","meta":{"_acf_changed":false,"_webnus_sm_ready_style":"","_webnus_sm_style":"","_webnus_sm_controls_values":"","_webnus_sm_fonts_collection":"","_webnus_sm_fonts_links":"","footnotes":""},"class_list":["post-1115","page","type-page","status-publish","hentry"],"acf":[],"yoast_head":"<!-- This site is optimized with the Yoast SEO plugin v27.5 - https:\/\/yoast.com\/product\/yoast-seo-wordpress\/ -->\n<title>Rese\u00f1as de prensa - James Rhodes<\/title>\n<meta name=\"robots\" content=\"index, follow, max-snippet:-1, max-image-preview:large, max-video-preview:-1\" \/>\n<link rel=\"canonical\" href=\"https:\/\/www.jamesrhodes.tv\/es\/resenas-de-prensa\/\" \/>\n<meta property=\"og:locale\" content=\"es_ES\" \/>\n<meta property=\"og:type\" content=\"article\" \/>\n<meta property=\"og:title\" content=\"Rese\u00f1as de prensa - James Rhodes\" \/>\n<meta property=\"og:url\" content=\"https:\/\/www.jamesrhodes.tv\/es\/resenas-de-prensa\/\" \/>\n<meta property=\"og:site_name\" content=\"James Rhodes\" \/>\n<meta property=\"article:modified_time\" content=\"2025-12-24T13:44:22+00:00\" \/>\n<meta name=\"twitter:card\" content=\"summary_large_image\" \/>\n<meta name=\"twitter:label1\" content=\"Tiempo de lectura\" \/>\n\t<meta name=\"twitter:data1\" content=\"1 minuto\" \/>\n<script type=\"application\/ld+json\" class=\"yoast-schema-graph\">{\"@context\":\"https:\\\/\\\/schema.org\",\"@graph\":[{\"@type\":\"WebPage\",\"@id\":\"https:\\\/\\\/www.jamesrhodes.tv\\\/es\\\/resenas-de-prensa\\\/\",\"url\":\"https:\\\/\\\/www.jamesrhodes.tv\\\/es\\\/resenas-de-prensa\\\/\",\"name\":\"Rese\u00f1as de prensa - James Rhodes\",\"isPartOf\":{\"@id\":\"https:\\\/\\\/www.jamesrhodes.tv\\\/es\\\/#website\"},\"datePublished\":\"2025-12-24T13:44:20+00:00\",\"dateModified\":\"2025-12-24T13:44:22+00:00\",\"inLanguage\":\"es\",\"potentialAction\":[{\"@type\":\"ReadAction\",\"target\":[\"https:\\\/\\\/www.jamesrhodes.tv\\\/es\\\/resenas-de-prensa\\\/\"]}]},{\"@type\":\"WebSite\",\"@id\":\"https:\\\/\\\/www.jamesrhodes.tv\\\/es\\\/#website\",\"url\":\"https:\\\/\\\/www.jamesrhodes.tv\\\/es\\\/\",\"name\":\"James Rhodes\",\"description\":\"Classical Pianist\",\"potentialAction\":[{\"@type\":\"SearchAction\",\"target\":{\"@type\":\"EntryPoint\",\"urlTemplate\":\"https:\\\/\\\/www.jamesrhodes.tv\\\/es\\\/?s={search_term_string}\"},\"query-input\":{\"@type\":\"PropertyValueSpecification\",\"valueRequired\":true,\"valueName\":\"search_term_string\"}}],\"inLanguage\":\"es\"}]}<\/script>\n<!-- \/ Yoast SEO plugin. -->","yoast_head_json":{"title":"Rese\u00f1as de prensa - James Rhodes","robots":{"index":"index","follow":"follow","max-snippet":"max-snippet:-1","max-image-preview":"max-image-preview:large","max-video-preview":"max-video-preview:-1"},"canonical":"https:\/\/www.jamesrhodes.tv\/es\/resenas-de-prensa\/","og_locale":"es_ES","og_type":"article","og_title":"Rese\u00f1as de prensa - James Rhodes","og_url":"https:\/\/www.jamesrhodes.tv\/es\/resenas-de-prensa\/","og_site_name":"James Rhodes","article_modified_time":"2025-12-24T13:44:22+00:00","twitter_card":"summary_large_image","twitter_misc":{"Tiempo de lectura":"1 minuto"},"schema":{"@context":"https:\/\/schema.org","@graph":[{"@type":"WebPage","@id":"https:\/\/www.jamesrhodes.tv\/es\/resenas-de-prensa\/","url":"https:\/\/www.jamesrhodes.tv\/es\/resenas-de-prensa\/","name":"Rese\u00f1as de prensa - James Rhodes","isPartOf":{"@id":"https:\/\/www.jamesrhodes.tv\/es\/#website"},"datePublished":"2025-12-24T13:44:20+00:00","dateModified":"2025-12-24T13:44:22+00:00","inLanguage":"es","potentialAction":[{"@type":"ReadAction","target":["https:\/\/www.jamesrhodes.tv\/es\/resenas-de-prensa\/"]}]},{"@type":"WebSite","@id":"https:\/\/www.jamesrhodes.tv\/es\/#website","url":"https:\/\/www.jamesrhodes.tv\/es\/","name":"James Rhodes","description":"Classical Pianist","potentialAction":[{"@type":"SearchAction","target":{"@type":"EntryPoint","urlTemplate":"https:\/\/www.jamesrhodes.tv\/es\/?s={search_term_string}"},"query-input":{"@type":"PropertyValueSpecification","valueRequired":true,"valueName":"search_term_string"}}],"inLanguage":"es"}]}},"_links":{"self":[{"href":"https:\/\/www.jamesrhodes.tv\/es\/wp-json\/wp\/v2\/pages\/1115","targetHints":{"allow":["GET"]}}],"collection":[{"href":"https:\/\/www.jamesrhodes.tv\/es\/wp-json\/wp\/v2\/pages"}],"about":[{"href":"https:\/\/www.jamesrhodes.tv\/es\/wp-json\/wp\/v2\/types\/page"}],"author":[{"embeddable":true,"href":"https:\/\/www.jamesrhodes.tv\/es\/wp-json\/wp\/v2\/users\/3"}],"replies":[{"embeddable":true,"href":"https:\/\/www.jamesrhodes.tv\/es\/wp-json\/wp\/v2\/comments?post=1115"}],"version-history":[{"count":1,"href":"https:\/\/www.jamesrhodes.tv\/es\/wp-json\/wp\/v2\/pages\/1115\/revisions"}],"predecessor-version":[{"id":1117,"href":"https:\/\/www.jamesrhodes.tv\/es\/wp-json\/wp\/v2\/pages\/1115\/revisions\/1117"}],"wp:attachment":[{"href":"https:\/\/www.jamesrhodes.tv\/es\/wp-json\/wp\/v2\/media?parent=1115"}],"curies":[{"name":"wp","href":"https:\/\/api.w.org\/{rel}","templated":true}]}}