{"id":106,"date":"2021-01-04T16:14:26","date_gmt":"2021-01-04T16:14:26","guid":{"rendered":"https:\/\/www.jamesrhodes.tv\/bio\/"},"modified":"2025-01-07T21:22:12","modified_gmt":"2025-01-07T21:22:12","slug":"bio","status":"publish","type":"page","link":"https:\/\/www.jamesrhodes.tv\/es\/bio\/","title":{"rendered":"Bio"},"content":{"rendered":"\n\n<section data-aos=\"fade-in\" data-aos-duration=\"1000\" class=\"section-block bio page-block\">\n    <div data-aos=\"fade-up\" data-aos-duration=\"500\" class=\"container\">\n        <h1 class=\"block--title\">bio<\/h1>\n        <div class=\"flex-wrap\">\n                        <div class=\"col-left\">\n                <div class=\"bio__img\">\n                    <img decoding=\"async\" src=\"https:\/\/www.jamesrhodes.tv\/wp-content\/uploads\/2021\/01\/bio-img.jpg\" alt=\"\" class=\"img mobile-hide\">\n                    <img decoding=\"async\" src=\"https:\/\/www.jamesrhodes.tv\/wp-content\/uploads\/2021\/01\/bio-img-mob.jpg\" alt=\"\" class=\"img mobile-show\">                <\/div>\n            <\/div>\n                                    <div class=\"col-content\">\n                <div class=\"bio__content\">\n                    <div class=\"content-wrap\">\n                        <div>\n<p class=\"Default\"><span lang=\"ES-TRAD\">Hasta la edad de 14 a\u00f1os, James no tuvo educaci\u00f3n musical acad<\/span><span lang=\"FR\">\u00e9<\/span><span lang=\"IT\">mica formal ni tutor<\/span><span lang=\"ES-TRAD\">\u00eda dedicada. A los 18 a\u00f1os dej\u00f3 de tocar el piano por completo durante una d<\/span><span lang=\"FR\">\u00e9<\/span><span lang=\"PT\">cada. Desde que regres<\/span><span lang=\"ES-TRAD\">\u00f3 al piano, ha lanzado siete \u00e1lbumes, todos los cuales han encabezado las listas cl\u00e1<\/span><span lang=\"PT\">sicas de iTunes.<\/span><\/p>\n<\/div>\n<div>\n<p class=\"Default\"><span lang=\"ES-TRAD\">Ha actuado en algunos de los teatros y recintos m\u00e1s prestigiosos del mundo, como el Roundhouse de Londres, el Royal Albert Hall, el Teatro Real Madrid, el Palau de la M\u00fasica de Barcelona, El Liceu, Musikverein Vienna, Koerner Hall Toronto y la Elbphilharmonie de Hamburgo. Tambi<\/span><span lang=\"FR\">\u00e9<\/span><span lang=\"ES-TRAD\">n ha participado en importantes festivales de m\u00fasica y libros en Melbourne, Edimburgo, Hong Kong, Chicago, Medell\u00edn, Cartagena, Buenos Aires. Es uno de los pocos artistas cl\u00e1sicos que ha actuado en festivales al aire libre como Latitude y Sonar.<\/span><\/p>\n<\/div>\n<div>\n<p class=\"Default\"><span lang=\"ES-TRAD\">Adem\u00e1s de contribuir con contenido editorial<\/span><span lang=\"PT\"> para peri<\/span><span lang=\"ES-TRAD\">\u00f3<\/span><span lang=\"PT\">dicos espa<\/span><span lang=\"ES-TRAD\">\u00f1oles y brit\u00e1nicos y presentar documentales y programas de radio para BBC Radio 3 y Cadena SER, James tambi<\/span><span lang=\"FR\">\u00e9<\/span><span lang=\"ES-TRAD\">n ha aparecido y presentado varios programas de televisi\u00f3n para la BBC, Channel 4 y Sky Arts y La Sexta.<\/span><\/p>\n<\/div>\n<div>\n<p class=\"Default\"><span lang=\"PT\">Su libro de memorias, Instrumental, publicado por Blackie Books y un bestseller a nivel internacional, es una historia brutalmente honesta, conmovedora y convincente que estuvo casi prohibida hasta que la Corte Suprema del Reino Unido anul<\/span><span lang=\"ES-TRAD\">\u00f3 por unanimidad una orden judicial en mayo de 2015. <\/span><\/p>\n<\/div>\n<div>\n<p class=\"Default\"><span lang=\"ES-TRAD\">Su segundo libro, Tocar el piano que promete dar a cualquiera las herramientas necesarias para tocar un preludio de Bach, fue publicado por Blackie Books en 2016 con gran <\/span><span lang=\"FR\">\u00e9<\/span><span lang=\"PT\">xito.<\/span><\/p>\n<\/div>\n<div>\n<p class=\"Default\"><span lang=\"ES-TRAD\">En 2018, James lanz\u00f3 su nuevo \u00e1lbum y su tercer libro, Fire On All Sides.\u00a0El libro es un bestseller internacional y el nuevo \u00e1lbum lleg\u00f3 directamente a la cima de las listas cl\u00e1<\/span><span lang=\"PT\">sicas.<\/span><\/p>\n<\/div>\n<div>\n<p class=\"Default\"><span lang=\"ES-TRAD\">En octubre de 2019, Hachette Wren &amp; Hook public\u00f3 el cuarto libro de James titulado <\/span><span dir=\"RTL\" lang=\"AR-SA\">\u2018<\/span><span lang=\"EN-US\">James Rhodes<\/span><span dir=\"RTL\" lang=\"AR-SA\">\u2018 <\/span><span lang=\"EN-US\">PLAYLIST<\/span><span dir=\"RTL\" lang=\"AR-SA\">\u2019<\/span><span lang=\"ES-TRAD\">. James ahora es publicado en m\u00e1s de 14 idiomas en todo el mundo.Su quinto libro, Made in Spain, fue publicado en espa\u00f1ol, en 2021, por Plan B -Penguin Random House.<\/span><\/p>\n<\/div>\n<div>\n<p class=\"Default\"><span lang=\"ES-TRAD\">Ese mismo a\u00f1<\/span><span lang=\"PT\">o colabor<\/span><span lang=\"ES-TRAD\">\u00f3 \u200b\u200b<\/span><span lang=\"EN-US\">estrechamente con Save the Children Espa<\/span><span lang=\"ES-TRAD\">\u00f1a para lograr la aprobaci\u00f3n de una nueva ley de protecci\u00f3n infantil en Espa\u00f1a, que entr\u00f3 en vigor a principios de 2021. La ley se conoce como La Ley Rhodes en reconocimiento a la persistente campa\u00f1a de James y su dedicaci\u00f3n personal para implementar la nueva ley.<\/span><\/p>\n<\/div>\n<div>\n<p class=\"Default\">En la actualidad, James vive en Madrid y dedica gran parte de su tiempo a su nueva pasi\u00f3n por la fotograf\u00eda. Colabora regularmente con los medios de comunicaci\u00f3n espa\u00f1oles y presenta su propio programa de radio y podcast, En Clave de Rhodes, en la Cadena Ser. En los \u00faltimos a\u00f1os ha recibido varios premios, incluido el Fair Saturday Award, parte del BKK Bilbao Kultura Social Forum. Recibi\u00f3 el premio en el Museo Guggenheim de Bilbao el 25 de septiembre de 2023, por su impacto social en la promoci\u00f3n de la armon\u00eda, el empoderamiento y la inspiraci\u00f3n.<\/p>\n<\/div>\n<div>\n<p class=\"Default\"><span lang=\"ES-TRAD\">Musho Beti.<\/span><\/p>\n<\/div>\n                    <\/div>\n                <\/div>\n            <\/div>\n                    <\/div>\n    <\/div>\n<\/section>\n","protected":false},"excerpt":{"rendered":"","protected":false},"author":1,"featured_media":0,"parent":0,"menu_order":0,"comment_status":"closed","ping_status":"closed","template":"","meta":{"_acf_changed":false,"_webnus_sm_ready_style":"","_webnus_sm_style":"","_webnus_sm_controls_values":"","_webnus_sm_fonts_collection":"","_webnus_sm_fonts_links":"","footnotes":""},"class_list":["post-106","page","type-page","status-publish","hentry"],"acf":[],"yoast_head":"<!-- This site is optimized with the Yoast SEO plugin v27.4 - https:\/\/yoast.com\/product\/yoast-seo-wordpress\/ -->\n<title>Bio - James Rhodes<\/title>\n<meta name=\"robots\" content=\"index, follow, max-snippet:-1, max-image-preview:large, max-video-preview:-1\" \/>\n<link rel=\"canonical\" href=\"https:\/\/www.jamesrhodes.tv\/es\/bio\/\" \/>\n<meta property=\"og:locale\" content=\"es_ES\" \/>\n<meta property=\"og:type\" content=\"article\" \/>\n<meta property=\"og:title\" content=\"Bio - James Rhodes\" \/>\n<meta property=\"og:url\" content=\"https:\/\/www.jamesrhodes.tv\/es\/bio\/\" \/>\n<meta property=\"og:site_name\" content=\"James Rhodes\" \/>\n<meta property=\"article:modified_time\" content=\"2025-01-07T21:22:12+00:00\" \/>\n<meta name=\"twitter:card\" content=\"summary_large_image\" \/>\n<meta name=\"twitter:label1\" content=\"Tiempo de lectura\" \/>\n\t<meta name=\"twitter:data1\" content=\"3 minutos\" \/>\n<script type=\"application\/ld+json\" class=\"yoast-schema-graph\">{\"@context\":\"https:\\\/\\\/schema.org\",\"@graph\":[{\"@type\":\"WebPage\",\"@id\":\"https:\\\/\\\/www.jamesrhodes.tv\\\/es\\\/bio\\\/\",\"url\":\"https:\\\/\\\/www.jamesrhodes.tv\\\/es\\\/bio\\\/\",\"name\":\"Bio - James Rhodes\",\"isPartOf\":{\"@id\":\"https:\\\/\\\/www.jamesrhodes.tv\\\/es\\\/#website\"},\"datePublished\":\"2021-01-04T16:14:26+00:00\",\"dateModified\":\"2025-01-07T21:22:12+00:00\",\"inLanguage\":\"es\",\"potentialAction\":[{\"@type\":\"ReadAction\",\"target\":[\"https:\\\/\\\/www.jamesrhodes.tv\\\/es\\\/bio\\\/\"]}]},{\"@type\":\"WebSite\",\"@id\":\"https:\\\/\\\/www.jamesrhodes.tv\\\/es\\\/#website\",\"url\":\"https:\\\/\\\/www.jamesrhodes.tv\\\/es\\\/\",\"name\":\"James Rhodes\",\"description\":\"Classical Pianist\",\"potentialAction\":[{\"@type\":\"SearchAction\",\"target\":{\"@type\":\"EntryPoint\",\"urlTemplate\":\"https:\\\/\\\/www.jamesrhodes.tv\\\/es\\\/?s={search_term_string}\"},\"query-input\":{\"@type\":\"PropertyValueSpecification\",\"valueRequired\":true,\"valueName\":\"search_term_string\"}}],\"inLanguage\":\"es\"}]}<\/script>\n<!-- \/ Yoast SEO plugin. -->","yoast_head_json":{"title":"Bio - James Rhodes","robots":{"index":"index","follow":"follow","max-snippet":"max-snippet:-1","max-image-preview":"max-image-preview:large","max-video-preview":"max-video-preview:-1"},"canonical":"https:\/\/www.jamesrhodes.tv\/es\/bio\/","og_locale":"es_ES","og_type":"article","og_title":"Bio - James Rhodes","og_url":"https:\/\/www.jamesrhodes.tv\/es\/bio\/","og_site_name":"James Rhodes","article_modified_time":"2025-01-07T21:22:12+00:00","twitter_card":"summary_large_image","twitter_misc":{"Tiempo de lectura":"3 minutos"},"schema":{"@context":"https:\/\/schema.org","@graph":[{"@type":"WebPage","@id":"https:\/\/www.jamesrhodes.tv\/es\/bio\/","url":"https:\/\/www.jamesrhodes.tv\/es\/bio\/","name":"Bio - James Rhodes","isPartOf":{"@id":"https:\/\/www.jamesrhodes.tv\/es\/#website"},"datePublished":"2021-01-04T16:14:26+00:00","dateModified":"2025-01-07T21:22:12+00:00","inLanguage":"es","potentialAction":[{"@type":"ReadAction","target":["https:\/\/www.jamesrhodes.tv\/es\/bio\/"]}]},{"@type":"WebSite","@id":"https:\/\/www.jamesrhodes.tv\/es\/#website","url":"https:\/\/www.jamesrhodes.tv\/es\/","name":"James Rhodes","description":"Classical Pianist","potentialAction":[{"@type":"SearchAction","target":{"@type":"EntryPoint","urlTemplate":"https:\/\/www.jamesrhodes.tv\/es\/?s={search_term_string}"},"query-input":{"@type":"PropertyValueSpecification","valueRequired":true,"valueName":"search_term_string"}}],"inLanguage":"es"}]}},"_links":{"self":[{"href":"https:\/\/www.jamesrhodes.tv\/es\/wp-json\/wp\/v2\/pages\/106","targetHints":{"allow":["GET"]}}],"collection":[{"href":"https:\/\/www.jamesrhodes.tv\/es\/wp-json\/wp\/v2\/pages"}],"about":[{"href":"https:\/\/www.jamesrhodes.tv\/es\/wp-json\/wp\/v2\/types\/page"}],"author":[{"embeddable":true,"href":"https:\/\/www.jamesrhodes.tv\/es\/wp-json\/wp\/v2\/users\/1"}],"replies":[{"embeddable":true,"href":"https:\/\/www.jamesrhodes.tv\/es\/wp-json\/wp\/v2\/comments?post=106"}],"version-history":[{"count":7,"href":"https:\/\/www.jamesrhodes.tv\/es\/wp-json\/wp\/v2\/pages\/106\/revisions"}],"predecessor-version":[{"id":1020,"href":"https:\/\/www.jamesrhodes.tv\/es\/wp-json\/wp\/v2\/pages\/106\/revisions\/1020"}],"wp:attachment":[{"href":"https:\/\/www.jamesrhodes.tv\/es\/wp-json\/wp\/v2\/media?parent=106"}],"curies":[{"name":"wp","href":"https:\/\/api.w.org\/{rel}","templated":true}]}}